{"id":10083,"date":"2025-09-18T18:08:55","date_gmt":"2025-09-18T18:08:55","guid":{"rendered":"https:\/\/cicoorsourcing.com\/dk\/?page_id=10083"},"modified":"2025-09-18T18:30:05","modified_gmt":"2025-09-18T18:30:05","slug":"samarbejd-med-cicoor-sourcing-aps","status":"publish","type":"page","link":"https:\/\/cicoorsourcing.com\/dk\/samarbejd-med-cicoor-sourcing-aps\/","title":{"rendered":"Samarbejd med CiCoor Sourcing ApS"},"content":{"rendered":"\t\t<div data-elementor-type=\"wp-page\" data-elementor-id=\"10083\" class=\"elementor elementor-10083\">\n\t\t\t\t<div class=\"elementor-element elementor-element-c11acbd e-grid e-con-boxed e-con e-parent\" data-id=\"c11acbd\" data-element_type=\"container\">\n\t\t\t\t\t<div class=\"e-con-inner\">\n\t\t\t\t<div class=\"elementor-element elementor-element-06311ac elementor-widget elementor-widget-text-editor\" data-id=\"06311ac\" data-element_type=\"widget\" data-widget_type=\"text-editor.default\">\n\t\t\t\t<div class=\"elementor-widget-container\">\n\t\t\t\t\t\t\t\t\t<h4 data-start=\"302\" data-end=\"379\"><strong data-start=\"302\" data-end=\"377\">V\u00e6r med til at forme fremtiden for outsourcing og virtuelle assistenter<\/strong><\/h4><p>\u00a0<\/p><p data-start=\"381\" data-end=\"719\">Hos CiCoor Sourcing hj\u00e6lper vi iv\u00e6rks\u00e6ttere, virksomheder og privatpersoner med at frig\u00f8re tid, skalere deres forretning og fokusere p\u00e5 det, der virkelig betyder noget. Fra <strong data-start=\"554\" data-end=\"583\">programmering og research<\/strong> til <strong data-start=\"588\" data-end=\"635\">content creation og personlig sekret\u00e6rhj\u00e6lp<\/strong> leverer vores virtuelle assistenter konkrete l\u00f8sninger p\u00e5 virkelige udfordringer.<\/p><p data-start=\"721\" data-end=\"984\">Vi inviterer nu <strong data-start=\"737\" data-end=\"789\">influencere, konsulenter, mentorer og indholdsskabere<\/strong> til at hj\u00e6lpe os med at sprede budskabet. Sammen kan vi vise verden, hvordan outsourcing og virtuelle assistenter kan forandre produktivitet, effektivitet og balancen mellem arbejde og fritid.<\/p><h4 data-start=\"991\" data-end=\"1035\">Hvorfor samarbejde med CiCoor Sourcing?<\/h4><p>\u00a0<\/p><ul data-start=\"1037\" data-end=\"1731\"><li data-start=\"1037\" data-end=\"1155\"><p data-start=\"1039\" data-end=\"1155\"><strong data-start=\"1039\" data-end=\"1057\">Bred m\u00e5lgruppe<\/strong> \u2013 Vores services hj\u00e6lper <strong data-start=\"1083\" data-end=\"1131\">iv\u00e6rks\u00e6ttere, virksomheder og privatpersoner<\/strong> p\u00e5 tv\u00e6rs af brancher.<\/p><\/li><li data-start=\"1156\" data-end=\"1292\"><p data-start=\"1158\" data-end=\"1292\"><strong data-start=\"1158\" data-end=\"1180\">Stor eftersp\u00f8rgsel<\/strong> \u2013 Virtuelle assistenter og outsourcing er <strong data-start=\"1223\" data-end=\"1246\">globale v\u00e6ksttrends<\/strong>, hvilket g\u00f8r vores budskab yderst relevant.<\/p><\/li><li data-start=\"1293\" data-end=\"1443\"><p data-start=\"1295\" data-end=\"1443\"><strong data-start=\"1295\" data-end=\"1310\">St\u00e6rk v\u00e6rdi<\/strong> \u2013 Vi hj\u00e6lper folk med at spare tid, reducere omkostninger og opn\u00e5 mere. Det er et budskab, der rammer bredt blandt professionelle.<\/p><\/li><li data-start=\"1444\" data-end=\"1582\"><p data-start=\"1446\" data-end=\"1582\"><strong data-start=\"1446\" data-end=\"1472\">Langsigtede relationer<\/strong> \u2013 Vi s\u00f8ger ikke kun engangskampagner \u2013 vi \u00f8nsker at skabe <strong data-start=\"1531\" data-end=\"1557\">holdbare partnerskaber<\/strong> med vores influencere.<\/p><\/li><li data-start=\"1583\" data-end=\"1731\"><p data-start=\"1585\" data-end=\"1731\"><strong data-start=\"1585\" data-end=\"1618\">Attraktive samarbejdsmodeller<\/strong> \u2013 Fra affiliate-provision og sponsorerede partnerskaber til ambassad\u00f8rroller bel\u00f8nner vi autentisk formidling.<\/p><\/li><\/ul><h4 data-start=\"1738\" data-end=\"1775\">Hvem vi gerne vil samarbejde med<\/h4><p data-start=\"1777\" data-end=\"1805\">\u00a0<\/p><p data-start=\"1777\" data-end=\"1805\">Vi s\u00f8ger influencere, der:<\/p><ul data-start=\"1806\" data-end=\"2162\"><li data-start=\"1806\" data-end=\"1901\"><p data-start=\"1808\" data-end=\"1901\">Br\u00e6nder for <strong data-start=\"1820\" data-end=\"1899\">iv\u00e6rks\u00e6tteri, forretningsudvikling, produktivitet eller personlig udvikling<\/strong><\/p><\/li><li data-start=\"1902\" data-end=\"1965\"><p data-start=\"1904\" data-end=\"1965\">Er dygtige til at skabe inspirerende og informativt indhold<\/p><\/li><li data-start=\"1966\" data-end=\"2086\"><p data-start=\"1968\" data-end=\"2086\">Kan engagere et publikum af professionelle, freelancere eller privatpersoner, der s\u00f8ger smartere m\u00e5der at arbejde p\u00e5<\/p><\/li><li data-start=\"2087\" data-end=\"2162\"><p data-start=\"2089\" data-end=\"2162\">Er interesserede i <strong data-start=\"2108\" data-end=\"2160\">autentiske og gensidigt fordelagtige samarbejder<\/strong><\/p><\/li><\/ul><p data-start=\"2164\" data-end=\"2311\">Uanset om du er business coach, content creator, tech-blogger eller lifestyle-iv\u00e6rks\u00e6tter, vil vi gerne h\u00f8re fra dig, hvis du deler vores vision.<\/p><h4 data-start=\"2318\" data-end=\"2353\">Hvad du f\u00e5r som CiCoor-partner<\/h4><p>\u00a0<\/p><ul data-start=\"2355\" data-end=\"2694\"><li data-start=\"2355\" data-end=\"2437\"><p data-start=\"2357\" data-end=\"2437\">Adgang til vores <strong data-start=\"2374\" data-end=\"2416\">udvalg af outsourcing- og VA-l\u00f8sninger<\/strong> til test og omtale<\/p><\/li><li data-start=\"2438\" data-end=\"2512\"><p data-start=\"2440\" data-end=\"2512\">Konkurrencedygtig provision gennem affiliate- og henvisningsprogrammer<\/p><\/li><li data-start=\"2513\" data-end=\"2572\"><p data-start=\"2515\" data-end=\"2572\">Eksklusive samarbejder og mulighed for ambassad\u00f8rroller<\/p><\/li><li data-start=\"2573\" data-end=\"2626\"><p data-start=\"2575\" data-end=\"2626\">Eksponering p\u00e5 vores hjemmeside og sociale medier<\/p><\/li><li data-start=\"2627\" data-end=\"2694\"><p data-start=\"2629\" data-end=\"2694\">Mulighed for at vokse sammen med et brand i international v\u00e6kst<\/p><\/li><\/ul><h4 data-start=\"2701\" data-end=\"2725\">Lad os vokse sammen<\/h4><p>\u00a0<\/p><p data-start=\"2727\" data-end=\"2877\">Influencere er st\u00e6rke historiefort\u00e6llere, og med din stemme kan vi inspirere professionelle over hele verden til at arbejde smartere \u2013 ikke h\u00e5rdere.<\/p><p data-start=\"2879\" data-end=\"3051\">\ud83d\udc49 <strong data-start=\"2882\" data-end=\"2934\">Ans\u00f8g i dag om at samarbejde med CiCoor Sourcing<\/strong> og v\u00e6r med til at bringe outsourcing og virtuelle assistenter ud til iv\u00e6rks\u00e6ttere, virksomheder og privatpersoner.<\/p>\t\t\t\t\t\t\t\t<\/div>\n\t\t\t\t<\/div>\n\t\t\t\t<div class=\"elementor-element elementor-element-51765ef elementor-widget elementor-widget-image\" data-id=\"51765ef\" data-element_type=\"widget\" data-widget_type=\"image.default\">\n\t\t\t\t<div class=\"elementor-widget-container\">\n\t\t\t\t\t\t\t\t\t\t\t\t\t\t\t<img fetchpriority=\"high\" decoding=\"async\" width=\"683\" height=\"1024\" src=\"https:\/\/cicoorsourcing.com\/dk\/wp-content\/uploads\/sites\/2\/2025\/09\/influencer-683x1024.png\" class=\"attachment-large size-large wp-image-10091\" alt=\"\" srcset=\"https:\/\/cicoorsourcing.com\/dk\/wp-content\/uploads\/sites\/2\/2025\/09\/influencer-683x1024.png 683w, https:\/\/cicoorsourcing.com\/dk\/wp-content\/uploads\/sites\/2\/2025\/09\/influencer-200x300.png 200w, https:\/\/cicoorsourcing.com\/dk\/wp-content\/uploads\/sites\/2\/2025\/09\/influencer-768x1152.png 768w, https:\/\/cicoorsourcing.com\/dk\/wp-content\/uploads\/sites\/2\/2025\/09\/influencer-600x900.png 600w, https:\/\/cicoorsourcing.com\/dk\/wp-content\/uploads\/sites\/2\/2025\/09\/influencer.png 1024w\" sizes=\"(max-width: 683px) 100vw, 683px\" \/>\t\t\t\t\t\t\t\t\t\t\t\t\t\t\t<\/div>\n\t\t\t\t<\/div>\n\t\t\t\t\t<\/div>\n\t\t\t\t<\/div>\n\t\t\t\t<\/div>\n\t\t","protected":false},"excerpt":{"rendered":"<p>V\u00e6r med til at forme fremtiden for outsourcing og virtuelle assistenter \u00a0 Hos CiCoor Sourcing hj\u00e6lper vi iv\u00e6rks\u00e6ttere, virksomheder og privatpersoner med at frig\u00f8re tid, skalere deres forretning og fokusere p\u00e5 det, der virkelig betyder noget. Fra programmering og research til content creation og personlig sekret\u00e6rhj\u00e6lp leverer vores virtuelle assistenter konkrete l\u00f8sninger p\u00e5 virkelige udfordringer. [&hellip;]<\/p>\n","protected":false},"author":1,"featured_media":0,"parent":0,"menu_order":0,"comment_status":"closed","ping_status":"closed","template":"","meta":{"footnotes":""},"class_list":["post-10083","page","type-page","status-publish","hentry"],"_links":{"self":[{"href":"https:\/\/cicoorsourcing.com\/dk\/wp-json\/wp\/v2\/pages\/10083","targetHints":{"allow":["GET"]}}],"collection":[{"href":"https:\/\/cicoorsourcing.com\/dk\/wp-json\/wp\/v2\/pages"}],"about":[{"href":"https:\/\/cicoorsourcing.com\/dk\/wp-json\/wp\/v2\/types\/page"}],"author":[{"embeddable":true,"href":"https:\/\/cicoorsourcing.com\/dk\/wp-json\/wp\/v2\/users\/1"}],"replies":[{"embeddable":true,"href":"https:\/\/cicoorsourcing.com\/dk\/wp-json\/wp\/v2\/comments?post=10083"}],"version-history":[{"count":7,"href":"https:\/\/cicoorsourcing.com\/dk\/wp-json\/wp\/v2\/pages\/10083\/revisions"}],"predecessor-version":[{"id":10126,"href":"https:\/\/cicoorsourcing.com\/dk\/wp-json\/wp\/v2\/pages\/10083\/revisions\/10126"}],"wp:attachment":[{"href":"https:\/\/cicoorsourcing.com\/dk\/wp-json\/wp\/v2\/media?parent=10083"}],"curies":[{"name":"wp","href":"https:\/\/api.w.org\/{rel}","templated":true}]}}