{"id":57,"date":"2024-03-25T02:47:55","date_gmt":"2024-03-25T02:47:55","guid":{"rendered":"https:\/\/demo2wpopal.b-cdn.net\/rebuilto\/?page_id=57"},"modified":"2025-10-02T16:24:06","modified_gmt":"2025-10-02T16:24:06","slug":"contact","status":"publish","type":"page","link":"https:\/\/cicoorsourcing.com\/dk\/contact\/","title":{"rendered":"Kontakt os"},"content":{"rendered":"\t\t<div data-elementor-type=\"wp-page\" data-elementor-id=\"57\" class=\"elementor elementor-57\">\n\t\t\t\t<div class=\"elementor-element elementor-element-1cfc0d6 e-flex e-con-boxed e-con e-parent\" data-id=\"1cfc0d6\" data-element_type=\"container\">\n\t\t\t\t\t<div class=\"e-con-inner\">\n\t\t<div class=\"elementor-element elementor-element-0f2db1d e-con-full e-flex e-con e-child\" data-id=\"0f2db1d\" data-element_type=\"container\">\n\t\t\t\t<div class=\"elementor-element elementor-element-c18e6da elementor-widget__width-initial animated-fast elementor-widget-divider--view-line elementor-invisible elementor-widget elementor-widget-divider\" data-id=\"c18e6da\" data-element_type=\"widget\" data-settings=\"{&quot;_animation&quot;:&quot;zoomInRight&quot;}\" data-widget_type=\"divider.default\">\n\t\t\t\t<div class=\"elementor-widget-container\">\n\t\t\t\t\t\t\t<div class=\"elementor-divider\">\n\t\t\t<span class=\"elementor-divider-separator\">\n\t\t\t\t\t\t<\/span>\n\t\t<\/div>\n\t\t\t\t\t\t<\/div>\n\t\t\t\t<\/div>\n\t\t\t\t<div class=\"elementor-element elementor-element-1e896fa animated-fast elementor-invisible elementor-widget elementor-widget-heading\" data-id=\"1e896fa\" data-element_type=\"widget\" data-settings=\"{&quot;_animation&quot;:&quot;opal-scale-up&quot;}\" data-widget_type=\"heading.default\">\n\t\t\t\t<div class=\"elementor-widget-container\">\n\t\t\t\t\t<p class=\"elementor-heading-title elementor-size-default\">Kontakt os<\/p>\t\t\t\t<\/div>\n\t\t\t\t<\/div>\n\t\t\t\t<\/div>\n\t\t<div class=\"elementor-element elementor-element-1c206ed e-con-full e-flex e-con e-child\" data-id=\"1c206ed\" data-element_type=\"container\">\n\t\t\t\t<div class=\"elementor-element elementor-element-85a47f1 elementor-widget__width-initial animated-fast elementor-invisible elementor-widget elementor-widget-heading\" data-id=\"85a47f1\" data-element_type=\"widget\" data-settings=\"{&quot;_animation&quot;:&quot;opal-move-left&quot;}\" data-widget_type=\"heading.default\">\n\t\t\t\t<div class=\"elementor-widget-container\">\n\t\t\t\t\t<h2 class=\"elementor-heading-title elementor-size-default\">Vi gl\u00e6der os til at h\u00f8re fra dig<\/h2>\t\t\t\t<\/div>\n\t\t\t\t<\/div>\n\t\t\t\t<\/div>\n\t\t\t\t\t<\/div>\n\t\t\t\t<\/div>\n\t\t<div class=\"elementor-element elementor-element-a0307b2 e-flex e-con-boxed e-con e-parent\" data-id=\"a0307b2\" data-element_type=\"container\" data-settings=\"{&quot;background_background&quot;:&quot;gradient&quot;}\">\n\t\t\t\t\t<div class=\"e-con-inner\">\n\t\t<div class=\"elementor-element elementor-element-89c1bf7 e-con-full e-flex e-con e-child\" data-id=\"89c1bf7\" data-element_type=\"container\" data-settings=\"{&quot;background_background&quot;:&quot;classic&quot;}\">\n\t\t\t\t<div class=\"elementor-element elementor-element-fb48304 elementor-widget elementor-widget-heading\" data-id=\"fb48304\" data-element_type=\"widget\" data-widget_type=\"heading.default\">\n\t\t\t\t<div class=\"elementor-widget-container\">\n\t\t\t\t\t<h5 class=\"elementor-heading-title elementor-size-default\">Hvordan kan vi hj\u00e6lpe dig!<\/h5>\t\t\t\t<\/div>\n\t\t\t\t<\/div>\n\t\t\t\t<div class=\"elementor-element elementor-element-4ce293c elementor-widget__width-initial elementor-widget elementor-widget-text-editor\" data-id=\"4ce293c\" data-element_type=\"widget\" data-widget_type=\"text-editor.default\">\n\t\t\t\t<div class=\"elementor-widget-container\">\n\t\t\t\t\t\t\t\t\t<p>Udfyld nedenst\u00e5ende formular, Skriv lidt om hvordan vi kan hj\u00e6lpe dig og om du foretr\u00e6kker at vi vender tilbage via maill eller telefon<\/p>\t\t\t\t\t\t\t\t<\/div>\n\t\t\t\t<\/div>\n\t\t\t\t<div class=\"elementor-element elementor-element-661593a elementor-widget__width-initial elementor-widget elementor-widget-rebuilto-contactform\" data-id=\"661593a\" data-element_type=\"widget\" data-widget_type=\"rebuilto-contactform.default\">\n\t\t\t\t<div class=\"elementor-widget-container\">\n\t\t\t\t\t\n<div class=\"wpcf7 no-js\" id=\"wpcf7-f15-o1\" lang=\"en-US\" dir=\"ltr\" data-wpcf7-id=\"15\">\n<div class=\"screen-reader-response\"><p role=\"status\" aria-live=\"polite\" aria-atomic=\"true\"><\/p> <ul><\/ul><\/div>\n<form action=\"\/dk\/wp-json\/wp\/v2\/pages\/57#wpcf7-f15-o1\" method=\"post\" class=\"wpcf7-form init\" aria-label=\"Contact form\" novalidate=\"novalidate\" data-status=\"init\">\n<fieldset class=\"hidden-fields-container\"><input type=\"hidden\" name=\"_wpcf7\" value=\"15\" \/><input type=\"hidden\" name=\"_wpcf7_version\" value=\"6.1.3\" \/><input type=\"hidden\" name=\"_wpcf7_locale\" value=\"en_US\" \/><input type=\"hidden\" name=\"_wpcf7_unit_tag\" value=\"wpcf7-f15-o1\" \/><input type=\"hidden\" name=\"_wpcf7_container_post\" value=\"0\" \/><input type=\"hidden\" name=\"_wpcf7_posted_data_hash\" value=\"\" \/>\n<\/fieldset>\n<div class=\"ct-form\">\n\t<div class=\"row\">\n\t\t<div class=\"column-name\">\n\t\t\t<p><span class=\"wpcf7-form-control-wrap\" data-name=\"your-name\"><input size=\"40\" maxlength=\"400\" class=\"wpcf7-form-control wpcf7-text wpcf7-validates-as-required\" autocomplete=\"name\" aria-required=\"true\" aria-invalid=\"false\" placeholder=\"Navn *\" value=\"\" type=\"text\" name=\"your-name\" \/><\/span>\n\t\t\t<\/p>\n\t\t<\/div>\n\t\t<div class=\"column-number\">\n\t\t\t<p><span class=\"wpcf7-form-control-wrap\" data-name=\"your-number\"><input size=\"40\" maxlength=\"400\" class=\"wpcf7-form-control wpcf7-tel wpcf7-validates-as-required wpcf7-text wpcf7-validates-as-tel\" autocomplete=\"email\" aria-required=\"true\" aria-invalid=\"false\" placeholder=\"Telefonnumer *\" value=\"\" type=\"tel\" name=\"your-number\" \/><\/span>\n\t\t\t<\/p>\n\t\t<\/div>\n\t<\/div>\n\t<div class=\"row\">\n\t\t<div class=\"column-email\">\n\t\t\t<p><span class=\"wpcf7-form-control-wrap\" data-name=\"your-email\"><input size=\"40\" maxlength=\"400\" class=\"wpcf7-form-control wpcf7-email wpcf7-validates-as-required wpcf7-text wpcf7-validates-as-email\" aria-required=\"true\" aria-invalid=\"false\" placeholder=\"Email *\" value=\"\" type=\"email\" name=\"your-email\" \/><\/span>\n\t\t\t<\/p>\n\t\t<\/div>\n\t<\/div>\n\t<div class=\"row\">\n\t\t<div class=\"column-message\">\n\t\t\t<p><span class=\"wpcf7-form-control-wrap\" data-name=\"your-message\"><textarea cols=\"40\" rows=\"3\" maxlength=\"2000\" class=\"wpcf7-form-control wpcf7-textarea\" aria-invalid=\"false\" placeholder=\"Din besked...\" name=\"your-message\"><\/textarea><\/span>\n\t\t\t<\/p>\n\t\t<\/div>\n\t<\/div>\n\t<div class=\"ct-button elementor-button-type-outline elementor-widget-rebuilto-button\">\n\t\t<p><button class=\"elementor-button\" type=\"submit\"><span class=\"elementor-button-text\" data-name=\"Send\"><span>Submit<\/span><\/span><span class=\"elementor-button-icon elementor-align-icon-right\"><i aria-hidden=\"true\" class=\"rebuilto-icon- rebuilto-icon-arrow-up-right\"><\/i><\/span><\/button>\n\t\t<\/p>\n\t<\/div>\n<\/div><div class=\"wpcf7-response-output\" aria-hidden=\"true\"><\/div>\n<\/form>\n<\/div>\n\t\t\t\t<\/div>\n\t\t\t\t<\/div>\n\t\t\t\t<\/div>\n\t\t<div class=\"elementor-element elementor-element-fd1bc5a e-con-full e-flex e-con e-child\" data-id=\"fd1bc5a\" data-element_type=\"container\" data-settings=\"{&quot;background_background&quot;:&quot;classic&quot;}\">\n\t\t\t\t<div class=\"elementor-element elementor-element-0845100 elementor-widget elementor-widget-heading\" data-id=\"0845100\" data-element_type=\"widget\" data-widget_type=\"heading.default\">\n\t\t\t\t<div class=\"elementor-widget-container\">\n\t\t\t\t\t<h5 class=\"elementor-heading-title elementor-size-default\">Vores kontor<\/h5>\t\t\t\t<\/div>\n\t\t\t\t<\/div>\n\t\t\t\t<div class=\"elementor-element elementor-element-18ad9fe elementor-widget elementor-widget-text-editor\" data-id=\"18ad9fe\" data-element_type=\"widget\" data-widget_type=\"text-editor.default\">\n\t\t\t\t<div class=\"elementor-widget-container\">\n\t\t\t\t\t\t\t\t\t<p>Vi bestr\u00e6ber os at vende tilbage inden for 24 timer. Hvis det haster, s\u00e5 skriv &#8220;Haster&#8221; i starten af din besked og vi f\u00f8lger op dine henvendelse som det f\u00f8rste<\/p>\t\t\t\t\t\t\t\t<\/div>\n\t\t\t\t<\/div>\n\t\t\t\t<div class=\"elementor-element elementor-element-67ccb92 elementor-widget elementor-widget-image\" data-id=\"67ccb92\" data-element_type=\"widget\" data-widget_type=\"image.default\">\n\t\t\t\t<div class=\"elementor-widget-container\">\n\t\t\t\t\t\t\t\t\t\t\t\t\t\t\t<img fetchpriority=\"high\" decoding=\"async\" width=\"370\" height=\"220\" src=\"https:\/\/cicoorsourcing.com\/dk\/wp-content\/uploads\/sites\/2\/2024\/03\/popup-button.jpg\" class=\"attachment-full size-full wp-image-1762\" alt=\"\" srcset=\"https:\/\/cicoorsourcing.com\/dk\/wp-content\/uploads\/sites\/2\/2024\/03\/popup-button.jpg 370w, https:\/\/cicoorsourcing.com\/dk\/wp-content\/uploads\/sites\/2\/2024\/03\/popup-button-300x178.jpg 300w\" sizes=\"(max-width: 370px) 100vw, 370px\" \/>\t\t\t\t\t\t\t\t\t\t\t\t\t\t\t<\/div>\n\t\t\t\t<\/div>\n\t\t\t\t<div class=\"elementor-element elementor-element-8f71bd5 elementor-widget elementor-widget-text-editor\" data-id=\"8f71bd5\" data-element_type=\"widget\" data-widget_type=\"text-editor.default\">\n\t\t\t\t<div class=\"elementor-widget-container\">\n\t\t\t\t\t\t\t\t\t<p>H\u00f8rsk\u00e6tten 16, 1. sal<br \/>2630 Taastrup<br \/>Denmark<\/p>\t\t\t\t\t\t\t\t<\/div>\n\t\t\t\t<\/div>\n\t\t\t\t<div class=\"elementor-element elementor-element-8080474 elementor-widget elementor-widget-heading\" data-id=\"8080474\" data-element_type=\"widget\" data-widget_type=\"heading.default\">\n\t\t\t\t<div class=\"elementor-widget-container\">\n\t\t\t\t\t<p class=\"elementor-heading-title elementor-size-default\"> <\/p>\t\t\t\t<\/div>\n\t\t\t\t<\/div>\n\t\t\t\t<\/div>\n\t\t\t\t\t<\/div>\n\t\t\t\t<\/div>\n\t\t<div class=\"elementor-element elementor-element-6377111 e-con-full e-flex e-con e-parent\" data-id=\"6377111\" data-element_type=\"container\">\n\t\t\t\t<div class=\"elementor-element elementor-element-0ee0fc8 elementor-widget elementor-widget-google_maps\" data-id=\"0ee0fc8\" data-element_type=\"widget\" data-widget_type=\"google_maps.default\">\n\t\t\t\t<div class=\"elementor-widget-container\">\n\t\t\t\t\t\t\t<div class=\"elementor-custom-embed\">\n\t\t\t<iframe loading=\"lazy\"\n\t\t\t\t\tsrc=\"https:\/\/maps.google.com\/maps?q=Dybendal%20Alle%2012%2C%201.%20sal%2C%202630%20Taastrup%2C%20Denmark&#038;t=m&#038;z=14&#038;output=embed&#038;iwloc=near\"\n\t\t\t\t\ttitle=\"Dybendal Alle 12, 1. sal, 2630 Taastrup, Denmark\"\n\t\t\t\t\taria-label=\"Dybendal Alle 12, 1. sal, 2630 Taastrup, Denmark\"\n\t\t\t><\/iframe>\n\t\t<\/div>\n\t\t\t\t\t\t<\/div>\n\t\t\t\t<\/div>\n\t\t\t\t<\/div>\n\t\t\t\t<\/div>\n\t\t","protected":false},"excerpt":{"rendered":"<p>Kontakt os Vi gl\u00e6der os til at h\u00f8re fra dig Hvordan kan vi hj\u00e6lpe dig! Udfyld nedenst\u00e5ende formular, Skriv lidt om hvordan vi kan hj\u00e6lpe dig og om du foretr\u00e6kker at vi vender tilbage via maill eller telefon Submit Vores kontor Vi bestr\u00e6ber os at vende tilbage inden for 24 timer. Hvis det haster, s\u00e5 [&hellip;]<\/p>\n","protected":false},"author":1,"featured_media":0,"parent":0,"menu_order":0,"comment_status":"closed","ping_status":"closed","template":"template-homepage.php","meta":{"footnotes":""},"class_list":["post-57","page","type-page","status-publish","hentry"],"_links":{"self":[{"href":"https:\/\/cicoorsourcing.com\/dk\/wp-json\/wp\/v2\/pages\/57","targetHints":{"allow":["GET"]}}],"collection":[{"href":"https:\/\/cicoorsourcing.com\/dk\/wp-json\/wp\/v2\/pages"}],"about":[{"href":"https:\/\/cicoorsourcing.com\/dk\/wp-json\/wp\/v2\/types\/page"}],"author":[{"embeddable":true,"href":"https:\/\/cicoorsourcing.com\/dk\/wp-json\/wp\/v2\/users\/1"}],"replies":[{"embeddable":true,"href":"https:\/\/cicoorsourcing.com\/dk\/wp-json\/wp\/v2\/comments?post=57"}],"version-history":[{"count":11,"href":"https:\/\/cicoorsourcing.com\/dk\/wp-json\/wp\/v2\/pages\/57\/revisions"}],"predecessor-version":[{"id":10233,"href":"https:\/\/cicoorsourcing.com\/dk\/wp-json\/wp\/v2\/pages\/57\/revisions\/10233"}],"wp:attachment":[{"href":"https:\/\/cicoorsourcing.com\/dk\/wp-json\/wp\/v2\/media?parent=57"}],"curies":[{"name":"wp","href":"https:\/\/api.w.org\/{rel}","templated":true}]}}