{"id":9167,"date":"2025-05-04T19:29:29","date_gmt":"2025-05-04T19:29:29","guid":{"rendered":"https:\/\/cicoorsourcing.com\/dk\/?page_id=9167"},"modified":"2025-05-04T19:29:45","modified_gmt":"2025-05-04T19:29:45","slug":"om-cicoor-sourcing-aps","status":"publish","type":"page","link":"https:\/\/cicoorsourcing.com\/dk\/om-cicoor-sourcing-aps\/","title":{"rendered":"Om CiCoor Sourcing ApS"},"content":{"rendered":"\t\t<div data-elementor-type=\"wp-page\" data-elementor-id=\"9167\" class=\"elementor elementor-9167\">\n\t\t\t\t<div class=\"elementor-element elementor-element-eab1ca5 e-flex e-con-boxed e-con e-parent\" data-id=\"eab1ca5\" data-element_type=\"container\">\n\t\t\t\t\t<div class=\"e-con-inner\">\n\t\t\t\t<div class=\"elementor-element elementor-element-047331a elementor-widget elementor-widget-heading\" data-id=\"047331a\" data-element_type=\"widget\" data-widget_type=\"heading.default\">\n\t\t\t\t<div class=\"elementor-widget-container\">\n\t\t\t\t\t<h3 class=\"elementor-heading-title elementor-size-default\">Mere end 30 \u00e5rs erfaring med outsourcing \u2013 til din tjeneste<\/h3>\t\t\t\t<\/div>\n\t\t\t\t<\/div>\n\t\t\t\t<div class=\"elementor-element elementor-element-bca1866 elementor-widget elementor-widget-text-editor\" data-id=\"bca1866\" data-element_type=\"widget\" data-widget_type=\"text-editor.default\">\n\t\t\t\t<div class=\"elementor-widget-container\">\n\t\t\t\t\t\t\t\t\t<p class=\"\" data-start=\"172\" data-end=\"385\">Hos CiCoor Sourcing ApS er outsourcing ikke bare en service \u2013 det er vores ekspertise, vores passion og vores l\u00f8fte om at hj\u00e6lpe din virksomhed med at fungere mere effektivt, smartere og mere omkostningseffektivt.<\/p><p class=\"\" data-start=\"387\" data-end=\"810\">Med over tre \u00e5rtiers praktisk erfaring har vi hjulpet virksomheder i alle st\u00f8rrelser med at f\u00e5 adgang til globalt talent inden for programmering, virtuel assistance, indholdsproduktion, online markedsf\u00f8ring og meget mere. Fra startups til scale-ups stoler vores kunder p\u00e5 os, n\u00e5r det g\u00e6lder om at levere stabile resultater, fleksibel support og v\u00e6rdifulde tjenester, der frig\u00f8r deres tid og skubber deres forretning fremad.<\/p>\t\t\t\t\t\t\t\t<\/div>\n\t\t\t\t<\/div>\n\t\t\t\t<div class=\"elementor-element elementor-element-a392749 elementor-widget elementor-widget-heading\" data-id=\"a392749\" data-element_type=\"widget\" data-widget_type=\"heading.default\">\n\t\t\t\t<div class=\"elementor-widget-container\">\n\t\t\t\t\t<h3 class=\"elementor-heading-title elementor-size-default\">Et globalt mindset, du kan regne med<\/h3>\t\t\t\t<\/div>\n\t\t\t\t<\/div>\n\t\t\t\t<div class=\"elementor-element elementor-element-8d51cfb elementor-widget elementor-widget-text-editor\" data-id=\"8d51cfb\" data-element_type=\"widget\" data-widget_type=\"text-editor.default\">\n\t\t\t\t<div class=\"elementor-widget-container\">\n\t\t\t\t\t\t\t\t\t<p class=\"\" data-start=\"854\" data-end=\"1154\">Vi har arbejdet p\u00e5 tv\u00e6rs af kulturer, tidszoner og sprog \u2013 og vi ved, hvordan man f\u00e5r internationalt samarbejde til at f\u00f8les ubesv\u00e6ret. Uanset om du er baseret i K\u00f8benhavn, London eller Latinamerika, tilpasser vi hver l\u00f8sning til din m\u00e5de at arbejde p\u00e5, dine m\u00e5l og din foretrukne kommunikationsstil.<\/p><p class=\"\" data-start=\"1156\" data-end=\"1285\">Vores multikulturelle erfaring g\u00f8r os i stand til at bygge bro og skabe teams, der ikke bare fungerer \u2013 men fungerer godt sammen.<\/p>\t\t\t\t\t\t\t\t<\/div>\n\t\t\t\t<\/div>\n\t\t\t\t<div class=\"elementor-element elementor-element-6070303 elementor-widget elementor-widget-heading\" data-id=\"6070303\" data-element_type=\"widget\" data-widget_type=\"heading.default\">\n\t\t\t\t<div class=\"elementor-widget-container\">\n\t\t\t\t\t<h3 class=\"elementor-heading-title elementor-size-default\">Det, der driver os<\/h3>\t\t\t\t<\/div>\n\t\t\t\t<\/div>\n\t\t\t\t<div class=\"elementor-element elementor-element-9639a88 elementor-widget elementor-widget-text-editor\" data-id=\"9639a88\" data-element_type=\"widget\" data-widget_type=\"text-editor.default\">\n\t\t\t\t<div class=\"elementor-widget-container\">\n\t\t\t\t\t\t\t\t\t<p class=\"\" data-start=\"1311\" data-end=\"1404\">Vores mission er enkel:<br data-start=\"1334\" data-end=\"1337\" \/>Levere v\u00e6rdi, frig\u00f8re viden og g\u00f8re livet lettere for vores kunder.<\/p><p class=\"\" data-start=\"1406\" data-end=\"1607\">Vi mener, at outsourcing skal g\u00f8re mere end bare at spare penge \u2013 det skal reducere stress, \u00f8ge effektiviteten og give dig adgang til nye kompetencer og perspektiver, du ellers ikke ville have internt.<\/p><p class=\"\" data-start=\"1609\" data-end=\"1698\">Hos CiCoor kombinerer vi velafpr\u00f8vede processer med moderne fleksibilitet for at tilbyde:<\/p><ul data-start=\"1700\" data-end=\"1882\"><li class=\"\" data-start=\"1700\" data-end=\"1736\"><p class=\"\" data-start=\"1702\" data-end=\"1736\">Fair og gennemsigtig priss\u00e6tning<\/p><\/li><li class=\"\" data-start=\"1737\" data-end=\"1790\"><p class=\"\" data-start=\"1739\" data-end=\"1790\">Skalerbar support til b\u00e5de sm\u00e5 og store projekter<\/p><\/li><li class=\"\" data-start=\"1791\" data-end=\"1831\"><p class=\"\" data-start=\"1793\" data-end=\"1831\">En fast kontaktperson for hver kunde<\/p><\/li><li class=\"\" data-start=\"1832\" data-end=\"1882\"><p class=\"\" data-start=\"1834\" data-end=\"1882\">Strategisk indsigt baseret p\u00e5 \u00e5rtiers erfaring<\/p><\/li><\/ul>\t\t\t\t\t\t\t\t<\/div>\n\t\t\t\t<\/div>\n\t\t\t\t<div class=\"elementor-element elementor-element-8b0b7f1 elementor-widget elementor-widget-heading\" data-id=\"8b0b7f1\" data-element_type=\"widget\" data-widget_type=\"heading.default\">\n\t\t\t\t<div class=\"elementor-widget-container\">\n\t\t\t\t\t<h3 class=\"elementor-heading-title elementor-size-default\">Vi g\u00e5r forrest med AI i fremtidens outsourcing<\/h3>\t\t\t\t<\/div>\n\t\t\t\t<\/div>\n\t\t\t\t<div class=\"elementor-element elementor-element-6ead4c0 elementor-widget elementor-widget-text-editor\" data-id=\"6ead4c0\" data-element_type=\"widget\" data-widget_type=\"text-editor.default\">\n\t\t\t\t<div class=\"elementor-widget-container\">\n\t\t\t\t\t\t\t\t\t<p class=\"\" data-start=\"1936\" data-end=\"1981\">Vi f\u00f8lger ikke bare trends \u2013 vi omfavner dem.<\/p><p class=\"\" data-start=\"1983\" data-end=\"2310\">Hos CiCoor Sourcing ApS integrerer vi aktivt AI-teknologier for at g\u00f8re outsourcede opgaver hurtigere, smartere og mere omkostningseffektive. Fra automatisering af gentagne processer til forbedret indholdsproduktion og kundeservice \u2013 vi udvikler konstant vores tilgang, s\u00e5 outsourcing giver dig st\u00f8rre v\u00e6rdi med mindre indsats.<\/p>\t\t\t\t\t\t\t\t<\/div>\n\t\t\t\t<\/div>\n\t\t\t\t<div class=\"elementor-element elementor-element-cbc57cb elementor-widget elementor-widget-heading\" data-id=\"cbc57cb\" data-element_type=\"widget\" data-widget_type=\"heading.default\">\n\t\t\t\t<div class=\"elementor-widget-container\">\n\t\t\t\t\t<h3 class=\"elementor-heading-title elementor-size-default\">Lad os tale om dine behov<\/h3>\t\t\t\t<\/div>\n\t\t\t\t<\/div>\n\t\t\t\t<div class=\"elementor-element elementor-element-d19912b elementor-widget elementor-widget-text-editor\" data-id=\"d19912b\" data-element_type=\"widget\" data-widget_type=\"text-editor.default\">\n\t\t\t\t<div class=\"elementor-widget-container\">\n\t\t\t\t\t\t\t\t\t<p class=\"\" data-start=\"2343\" data-end=\"2561\">Uanset om du vil uddelegere din f\u00f8rste opgave eller skalere hele din drift, er vi klar til at hj\u00e6lpe.<br data-start=\"2444\" data-end=\"2447\" \/>Med CiCoor outsourcer du ikke bare arbejde \u2013 du f\u00e5r en partner, der forst\u00e5r, hvad der skal til for at skabe v\u00e6kst.<\/p><p class=\"\" data-start=\"2563\" data-end=\"2730\">Kontakt os i dag for en gratis og uforpligtende samtale, og oplev hvordan vi kan st\u00f8tte din virksomhed med de rette mennesker, de rette v\u00e6rkt\u00f8jer og det rette mindset.<\/p>\t\t\t\t\t\t\t\t<\/div>\n\t\t\t\t<\/div>\n\t\t\t\t<div class=\"elementor-element elementor-element-3184690 elementor-button-type-outline elementor-widget elementor-widget-rebuilto-button\" data-id=\"3184690\" data-element_type=\"widget\" data-widget_type=\"rebuilto-button.default\">\n\t\t\t\t<div class=\"elementor-widget-container\">\n\t\t\t\t\t        <div class=\"elementor-button-wrapper\">\n            <a href=\"https:\/\/cicoorsourcing.com\/dk\/contact\/\" class=\"elementor-button-link elementor-button elementor-size-sm\" role=\"button\">\n                        <span class=\"elementor-button-content-wrapper\">\n                          <span class=\"elementor-button-icon elementor-align-icon-left\">\n\t\t\t\t<i aria-hidden=\"true\" class=\"rebuilto-icon- rebuilto-icon-arrow-up-right\"><\/i>\t\t\t<\/span>\n            \t\t\t<span class=\"elementor-button-text\" data-name=\"Kontakt os\">\n                <span>Kontakt os<\/span>\n            <\/span>\n\t\t<\/span>\n                    <\/a>\n        <\/div>\n        \t\t\t\t<\/div>\n\t\t\t\t<\/div>\n\t\t\t\t\t<\/div>\n\t\t\t\t<\/div>\n\t\t\t\t<\/div>\n\t\t","protected":false},"excerpt":{"rendered":"<p>Mere end 30 \u00e5rs erfaring med outsourcing \u2013 til din tjeneste Hos CiCoor Sourcing ApS er outsourcing ikke bare en service \u2013 det er vores ekspertise, vores passion og vores l\u00f8fte om at hj\u00e6lpe din virksomhed med at fungere mere effektivt, smartere og mere omkostningseffektivt. Med over tre \u00e5rtiers praktisk erfaring har vi hjulpet virksomheder [&hellip;]<\/p>\n","protected":false},"author":1,"featured_media":0,"parent":0,"menu_order":0,"comment_status":"closed","ping_status":"closed","template":"","meta":{"footnotes":""},"class_list":["post-9167","page","type-page","status-publish","hentry"],"_links":{"self":[{"href":"https:\/\/cicoorsourcing.com\/dk\/wp-json\/wp\/v2\/pages\/9167","targetHints":{"allow":["GET"]}}],"collection":[{"href":"https:\/\/cicoorsourcing.com\/dk\/wp-json\/wp\/v2\/pages"}],"about":[{"href":"https:\/\/cicoorsourcing.com\/dk\/wp-json\/wp\/v2\/types\/page"}],"author":[{"embeddable":true,"href":"https:\/\/cicoorsourcing.com\/dk\/wp-json\/wp\/v2\/users\/1"}],"replies":[{"embeddable":true,"href":"https:\/\/cicoorsourcing.com\/dk\/wp-json\/wp\/v2\/comments?post=9167"}],"version-history":[{"count":3,"href":"https:\/\/cicoorsourcing.com\/dk\/wp-json\/wp\/v2\/pages\/9167\/revisions"}],"predecessor-version":[{"id":9210,"href":"https:\/\/cicoorsourcing.com\/dk\/wp-json\/wp\/v2\/pages\/9167\/revisions\/9210"}],"wp:attachment":[{"href":"https:\/\/cicoorsourcing.com\/dk\/wp-json\/wp\/v2\/media?parent=9167"}],"curies":[{"name":"wp","href":"https:\/\/api.w.org\/{rel}","templated":true}]}}