{"id":9211,"date":"2025-05-05T11:41:42","date_gmt":"2025-05-05T11:41:42","guid":{"rendered":"https:\/\/cicoorsourcing.com\/dk\/?page_id=9211"},"modified":"2025-05-05T11:41:43","modified_gmt":"2025-05-05T11:41:43","slug":"privatlivspolitik-for-cicoor-sourcing-aps","status":"publish","type":"page","link":"https:\/\/cicoorsourcing.com\/dk\/privatlivspolitik-for-cicoor-sourcing-aps\/","title":{"rendered":"Privatlivspolitik for CiCoor Sourcing ApS"},"content":{"rendered":"\n<p><strong>Hvem vi er<\/strong><br>Vores webadresse er: <a class=\"\" href=\"https:\/\/cicoorsourcing.com\">https:\/\/cicoorsourcing.com<\/a>.<\/p>\n\n\n\n<p><strong>Kommentarer<\/strong><br>N\u00e5r bes\u00f8gende skriver kommentarer p\u00e5 siden, indsamler vi de data, der vises i kommentarformularen, samt bes\u00f8gendes IP-adresse og browserens brugeragentstreng for at hj\u00e6lpe med at opdage spam.<\/p>\n\n\n\n<p>En anonymiseret streng (hash) oprettet ud fra din e-mailadresse kan blive sendt til Gravatar-tjenesten for at se, om du bruger den. Gravatars privatlivspolitik findes her: <a class=\"\" href=\"https:\/\/automattic.com\/privacy\/\">https:\/\/automattic.com\/privacy\/<\/a>. N\u00e5r din kommentar er godkendt, er dit profilbillede synligt for offentligheden i forbindelse med din kommentar.<\/p>\n\n\n\n<p><strong>Medier<\/strong><br>Hvis du uploader billeder til webstedet, b\u00f8r du undg\u00e5 at uploade billeder med indlejrede lokalitetsdata (EXIF GPS). Bes\u00f8gende p\u00e5 webstedet kan downloade og udtr\u00e6kke lokalitetsdata fra billeder p\u00e5 siden.<\/p>\n\n\n\n<p><strong>Cookies<\/strong><br>Hvis du skriver en kommentar p\u00e5 vores hjemmeside, kan du v\u00e6lge at gemme dit navn, din e-mailadresse og din webadresse i cookies. Disse er til din bekvemmelighed, s\u00e5 du ikke skal udfylde dine oplysninger igen, n\u00e6ste gang du kommenterer. Disse cookies varer i \u00e9t \u00e5r.<\/p>\n\n\n\n<p>N\u00e5r du bes\u00f8ger vores login-side, s\u00e6tter vi en midlertidig cookie for at afg\u00f8re, om din browser accepterer cookies. Denne cookie indeholder ingen personlige data og slettes, n\u00e5r du lukker din browser.<\/p>\n\n\n\n<p>Ved login opretter vi flere cookies for at gemme dine loginoplysninger og visningsindstillinger. Login-cookies varer i to dage, og cookies til visningsvalg varer i \u00e9t \u00e5r. Hvis du v\u00e6lger &#8220;Husk mig&#8221;, vil dit login vare i to uger. Hvis du logger ud, fjernes login-cookien.<\/p>\n\n\n\n<p>Hvis du redigerer eller udgiver en artikel, gemmes en yderligere cookie i din browser. Denne cookie indeholder ingen personlige oplysninger og indikerer blot ID\u2019et p\u00e5 den artikel, du har redigeret. Den udl\u00f8ber efter \u00e9n dag.<\/p>\n\n\n\n<p><strong>Indlejret indhold fra andre websteder<\/strong><br>Artikler p\u00e5 dette websted kan indeholde indlejret indhold (f.eks. videoer, billeder, artikler osv.). Indlejret indhold fra andre websteder opf\u00f8rer sig p\u00e5 samme m\u00e5de, som hvis den bes\u00f8gende har bes\u00f8gt det p\u00e5g\u00e6ldende websted direkte.<\/p>\n\n\n\n<p>Disse websteder kan indsamle data om dig, bruge cookies, tilf\u00f8je yderligere tredjeparts-sporing og overv\u00e5ge din interaktion med det indlejrede indhold, herunder sporing af din interaktion, hvis du har en konto og er logget ind p\u00e5 det websted.<\/p>\n\n\n\n<p><strong>Hvem vi deler dine data med<\/strong><br>Hvis du anmoder om nulstilling af adgangskode, inkluderes din IP-adresse i e-mailen til nulstilling.<\/p>\n\n\n\n<p>Vi deler ikke dine personoplysninger med tredjeparter, medmindre det er n\u00f8dvendigt for at levere vores tjenester (f.eks. hostingudbydere, spamfiltrering eller teknisk support), eller hvis det kr\u00e6ves ved lov.<\/p>\n\n\n\n<p><strong>Hvor l\u00e6nge vi gemmer dine data<\/strong><br>Hvis du skriver en kommentar, bevares kommentaren og dens metadata p\u00e5 ubestemt tid. Det g\u00f8r vi, s\u00e5 vi automatisk kan genkende og godkende opf\u00f8lgende kommentarer, uden at de skal i moderationsk\u00f8.<\/p>\n\n\n\n<p>For brugere, der registrerer sig p\u00e5 vores hjemmeside (hvis denne funktion er aktiv), gemmer vi ogs\u00e5 de personlige oplysninger, de giver i deres brugerprofil. Alle brugere kan til enhver tid se, redigere eller slette deres personlige oplysninger (undtagen brugernavn). Webstedets administratorer kan ogs\u00e5 se og redigere disse oplysninger.<\/p>\n\n\n\n<p><strong>Dine rettigheder over dine data<\/strong><br>Hvis du har en konto p\u00e5 dette websted, eller har skrevet kommentarer, kan du anmode om at f\u00e5 en eksporteret fil med de personoplysninger, vi har om dig \u2013 inklusiv de data, du har givet os. Du kan ogs\u00e5 anmode om, at vi sletter alle personlige data, vi har om dig. Dette omfatter ikke data, som vi er forpligtet til at gemme af administrative, juridiske eller sikkerhedsm\u00e6ssige \u00e5rsager.<\/p>\n\n\n\n<p><strong>Hvor dine data sendes hen<\/strong><br>Kommentarer fra bes\u00f8gende kan blive kontrolleret via en automatiseret spam-detektionstjeneste.<\/p>\n\n\n\n<p><strong>Yderligere oplysninger vi anbefaler at inkludere:<\/strong><\/p>\n\n\n\n<p><strong>Kontaktoplysninger<\/strong><br>Hvis du har sp\u00f8rgsm\u00e5l vedr\u00f8rende denne privatlivspolitik eller \u00f8nsker at ud\u00f8ve dine rettigheder, kan du kontakte os p\u00e5:<\/p>\n\n\n\n<p><br><strong>CiCoor Sourcing ApS<\/strong><br>Dybendal Alle 12, 1. sal<br>2630 Taastrup<br>Danmark<br><br>E-mail: Brug vores <a href=\"https:\/\/cicoorsourcing.com\/dk\/contact\/\" data-type=\"link\" data-id=\"https:\/\/cicoorsourcing.com\/dk\/contact\/\">kontaktfomular her<\/a><\/p>\n\n\n\n<p><strong>Sikkerhed af dine data<\/strong><br>Vi tager datasikkerhed alvorligt og anvender passende tekniske og organisatoriske foranstaltninger for at beskytte dine personoplysninger mod uautoriseret adgang, tab eller misbrug.<\/p>\n\n\n\n<p><strong>\u00c6ndringer til denne politik<\/strong><br>Vi forbeholder os retten til at opdatere denne privatlivspolitik efter behov. \u00c6ndringer vil blive offentliggjort p\u00e5 denne side med en opdateret dato. Vi anbefaler, at du gennemg\u00e5r politikken regelm\u00e6ssigt.<\/p>\n\n\n\n<hr class=\"wp-block-separator has-alpha-channel-opacity\"\/>\n","protected":false},"excerpt":{"rendered":"<p>Hvem vi erVores webadresse er: https:\/\/cicoorsourcing.com. KommentarerN\u00e5r bes\u00f8gende skriver kommentarer p\u00e5 siden, indsamler vi de data, der vises i kommentarformularen, samt bes\u00f8gendes IP-adresse og browserens brugeragentstreng for at hj\u00e6lpe med at opdage spam. En anonymiseret streng (hash) oprettet ud fra din e-mailadresse kan blive sendt til Gravatar-tjenesten for at se, om du bruger den. Gravatars [&hellip;]<\/p>\n","protected":false},"author":1,"featured_media":0,"parent":0,"menu_order":0,"comment_status":"closed","ping_status":"closed","template":"","meta":{"footnotes":""},"class_list":["post-9211","page","type-page","status-publish","hentry"],"_links":{"self":[{"href":"https:\/\/cicoorsourcing.com\/dk\/wp-json\/wp\/v2\/pages\/9211","targetHints":{"allow":["GET"]}}],"collection":[{"href":"https:\/\/cicoorsourcing.com\/dk\/wp-json\/wp\/v2\/pages"}],"about":[{"href":"https:\/\/cicoorsourcing.com\/dk\/wp-json\/wp\/v2\/types\/page"}],"author":[{"embeddable":true,"href":"https:\/\/cicoorsourcing.com\/dk\/wp-json\/wp\/v2\/users\/1"}],"replies":[{"embeddable":true,"href":"https:\/\/cicoorsourcing.com\/dk\/wp-json\/wp\/v2\/comments?post=9211"}],"version-history":[{"count":1,"href":"https:\/\/cicoorsourcing.com\/dk\/wp-json\/wp\/v2\/pages\/9211\/revisions"}],"predecessor-version":[{"id":9222,"href":"https:\/\/cicoorsourcing.com\/dk\/wp-json\/wp\/v2\/pages\/9211\/revisions\/9222"}],"wp:attachment":[{"href":"https:\/\/cicoorsourcing.com\/dk\/wp-json\/wp\/v2\/media?parent=9211"}],"curies":[{"name":"wp","href":"https:\/\/api.w.org\/{rel}","templated":true}]}}